{"id":100,"date":"2019-08-16T10:17:37","date_gmt":"2019-08-16T08:17:37","guid":{"rendered":"http:\/\/feisthauer.fr\/?page_id=100"},"modified":"2021-09-16T21:45:16","modified_gmt":"2021-09-16T19:45:16","slug":"michel-feisthauer","status":"publish","type":"page","link":"https:\/\/feisthauer.fr\/","title":{"rendered":"Michel Feisthauer"},"content":{"rendered":"\n<div class=\"wp-block-media-text alignwide has-media-on-the-right\" style=\"grid-template-columns:auto 27%\"><figure class=\"wp-block-media-text__media\"><img loading=\"lazy\" decoding=\"async\" width=\"1024\" height=\"991\" src=\"https:\/\/feisthauer.fr\/wp-content\/uploads\/2021\/02\/IMG_0480-1024x991.jpeg\" alt=\"\" class=\"wp-image-158 size-full\"\/><\/figure><div class=\"wp-block-media-text__content\">\n<h4 class=\"wp-block-heading\">Agent g\u00e9n\u00e9ral d\u2019assurances exclusif<\/h4>\n\n\n\n<h4 class=\"wp-block-heading\"><strong>AXA Pr\u00e9voyance &amp;&nbsp;Patrimoine<\/strong><\/h4>\n<\/div><\/div>\n\n\n\n<figure class=\"wp-block-image size-large\"><img loading=\"lazy\" decoding=\"async\" width=\"1024\" height=\"576\" src=\"https:\/\/feisthauer.fr\/wp-content\/uploads\/2021\/02\/210225-Logo.001-1024x576.jpeg\" alt=\"\" class=\"wp-image-153\" srcset=\"https:\/\/feisthauer.fr\/wp-content\/uploads\/2021\/02\/210225-Logo.001-1024x576.jpeg 1024w, https:\/\/feisthauer.fr\/wp-content\/uploads\/2021\/02\/210225-Logo.001-300x169.jpeg 300w, https:\/\/feisthauer.fr\/wp-content\/uploads\/2021\/02\/210225-Logo.001-768x432.jpeg 768w, https:\/\/feisthauer.fr\/wp-content\/uploads\/2021\/02\/210225-Logo.001-1536x864.jpeg 1536w, https:\/\/feisthauer.fr\/wp-content\/uploads\/2021\/02\/210225-Logo.001.jpeg 1920w\" sizes=\"auto, (max-width: 1024px) 100vw, 1024px\" \/><figcaption><a href=\"http:\/\/agencea2p.axa.fr\/michel-feisthauer\">http:\/\/agencea2p.axa.fr\/michel-feisthauer<\/a><\/figcaption><\/figure>\n\n\n\n<p><\/p>\n\n\n\n<p>Vous souhaitez vous assurer contre les accidents de la vie ou pr\u00e9parer votre retraite ?<\/p>\n\n\n\n<p>Vous souhaitez construire votre patrimoine et optimiser sa transmission ? Vous souhaitez souscrire des contrats PERP, SCPI ou Madelin ?<\/p>\n\n\n\n<p>Expert de la protection sociale et patrimoniale, je vous accompagne via un bilan personnalis\u00e9 de votre situation ou de celle de votre entreprise. Je suis \u00e0 votre disposition pour vous rencontrer \u00e0 Marcoussis, Linas et leurs environs, au cabinet ou \u00e0 domicile en Ile-de-France.<\/p>\n\n\n\n<p>Mon cabinet est au 3 Avenue Louis Delage \u00e0 Linas, au 1er \u00e9tage.<\/p>\n\n\n\n<p>R\u00e9ception uniquement sur rendez-vous.<\/p>\n\n\n\n<p>Contactez moi : <a href=\"mailto:contact@feisthauer.fr\">contact@feisthauer.fr<\/a> ou 06 07 23 03 87<\/p>\n\n\n\n<figure class=\"wp-block-embed is-type-video is-provider-youtube wp-block-embed-youtube wp-embed-aspect-16-9 wp-has-aspect-ratio\"><div class=\"wp-block-embed__wrapper\">\n<iframe loading=\"lazy\" title=\"Comprendre la Pr\u00e9voyance\" width=\"660\" height=\"371\" src=\"https:\/\/www.youtube.com\/embed\/sD5-Ow_K-4w?feature=oembed\" frameborder=\"0\" allow=\"accelerometer; autoplay; clipboard-write; encrypted-media; gyroscope; picture-in-picture; web-share\" referrerpolicy=\"strict-origin-when-cross-origin\" allowfullscreen><\/iframe>\n<\/div><figcaption>Une vid\u00e9o de 2 minutes seulement vous expliquant ce qu&rsquo;est la pr\u00e9voyance !<\/figcaption><\/figure>\n\n\n\n<p><\/p>\n\n\n\n<div class=\"wp-block-image\"><figure class=\"alignleft\"><a href=\"http:\/\/www.linkedin.com\/in\/michelfeisthauer\" target=\"_blank\" rel=\"noreferrer noopener\"><img loading=\"lazy\" decoding=\"async\" width=\"60\" height=\"60\" src=\"https:\/\/feisthauer.fr\/wp-content\/uploads\/2015\/06\/LinkedIn.png\" alt=\"LinkedIn\" class=\"wp-image-55\"\/><\/a><figcaption><a href=\"http:\/\/www.linkedin.com\/in\/michelfeisthauer\">http:\/\/www.linkedin.com\/in\/michelfeisthauer<\/a><\/figcaption><\/figure><\/div>\n\n\n\n<div class=\"wp-block-image\"><figure class=\"aligncenter size-medium\"><a href=\"https:\/\/www.orias.fr\/web\/guest\/intermediaryDetails\" target=\"_blank\" rel=\"noreferrer noopener\"><img loading=\"lazy\" decoding=\"async\" width=\"244\" height=\"300\" src=\"https:\/\/feisthauer.fr\/wp-content\/uploads\/2019\/08\/BadgeOrias-244x300.jpg\" alt=\"\" class=\"wp-image-107\" srcset=\"https:\/\/feisthauer.fr\/wp-content\/uploads\/2019\/08\/BadgeOrias-244x300.jpg 244w, https:\/\/feisthauer.fr\/wp-content\/uploads\/2019\/08\/BadgeOrias-768x946.jpg 768w, https:\/\/feisthauer.fr\/wp-content\/uploads\/2019\/08\/BadgeOrias-831x1024.jpg 831w, https:\/\/feisthauer.fr\/wp-content\/uploads\/2019\/08\/BadgeOrias.jpg 1043w\" sizes=\"auto, (max-width: 244px) 100vw, 244px\" \/><\/a><figcaption><a href=\"http:\/\/www.orias.fr\">http:\/\/www.orias.fr<\/a><\/figcaption><\/figure><\/div>\n\n\n\n<p><a href=\"https:\/\/feisthauer.fr\/?page_id=121\">Mentions l\u00e9gales<\/a><\/p>\n","protected":false},"excerpt":{"rendered":"<p>Agent g\u00e9n\u00e9ral d\u2019assurances exclusif AXA Pr\u00e9voyance &amp;&nbsp;Patrimoine Vous souhaitez vous assurer contre les accidents de la vie ou pr\u00e9parer votre retraite ? Vous souhaitez construire votre patrimoine et optimiser sa transmission ? Vous souhaitez souscrire des contrats PERP, SCPI ou Madelin ? Expert de la protection sociale et patrimoniale, je vous accompagne via un bilan &hellip; <a href=\"https:\/\/feisthauer.fr\/\" class=\"more-link\">Continuer la lecture de <span class=\"screen-reader-text\">Michel Feisthauer<\/span><\/a><\/p>\n","protected":false},"author":1,"featured_media":0,"parent":0,"menu_order":0,"comment_status":"closed","ping_status":"closed","template":"","meta":{"footnotes":""},"class_list":["post-100","page","type-page","status-publish","hentry"],"_links":{"self":[{"href":"https:\/\/feisthauer.fr\/index.php?rest_route=\/wp\/v2\/pages\/100","targetHints":{"allow":["GET"]}}],"collection":[{"href":"https:\/\/feisthauer.fr\/index.php?rest_route=\/wp\/v2\/pages"}],"about":[{"href":"https:\/\/feisthauer.fr\/index.php?rest_route=\/wp\/v2\/types\/page"}],"author":[{"embeddable":true,"href":"https:\/\/feisthauer.fr\/index.php?rest_route=\/wp\/v2\/users\/1"}],"replies":[{"embeddable":true,"href":"https:\/\/feisthauer.fr\/index.php?rest_route=%2Fwp%2Fv2%2Fcomments&post=100"}],"version-history":[{"count":19,"href":"https:\/\/feisthauer.fr\/index.php?rest_route=\/wp\/v2\/pages\/100\/revisions"}],"predecessor-version":[{"id":168,"href":"https:\/\/feisthauer.fr\/index.php?rest_route=\/wp\/v2\/pages\/100\/revisions\/168"}],"wp:attachment":[{"href":"https:\/\/feisthauer.fr\/index.php?rest_route=%2Fwp%2Fv2%2Fmedia&parent=100"}],"curies":[{"name":"wp","href":"https:\/\/api.w.org\/{rel}","templated":true}]}}