{"id":121,"date":"2019-09-18T11:52:12","date_gmt":"2019-09-18T09:52:12","guid":{"rendered":"http:\/\/feisthauer.fr\/?page_id=121"},"modified":"2020-11-20T12:06:46","modified_gmt":"2020-11-20T11:06:46","slug":"mentions-legales","status":"publish","type":"page","link":"https:\/\/feisthauer.fr\/?page_id=121","title":{"rendered":"Mentions l\u00e9gales"},"content":{"rendered":"\n<p>Editeur :<br>Michel FEISTHAUER &#8211; 3 Avenue Louis Delage &#8211; 91310 Linas<br>EI &#8211; Siret : 852 974 617 00023<br><\/p>\n\n\n\n<p>H\u00e9bergeur :<br>OVH &#8211; SAS au capital de 10 069 020 \u20ac<br>RCS Lille M\u00e9tropole 424 761 419 00045<br>Code APE 2620Z<br>N\u00b0 TVA : FR 22 424 761 419<br>Si\u00e8ge social : 2 rue Kellermann &#8211; 59100 Roubaix &#8211; France<\/p>\n\n\n\n<p>N\u00b0 Orias : 19005446 &#8211; <a href=\"http:\/\/www.orias.fr\">www.orias.fr<\/a><\/p>\n\n\n\n<p>Michel FEISTHAUER &#8211; 3 Avenue Louis Delage &#8211; 91310 Linas<br>06 07 23 03 87<br>a2p@feisthauer.fr<\/p>\n\n\n\n<p>ACPR : 4 place de Budapest &#8211; CS92459 &#8211; 75436 Paris Cedex 09<\/p>\n\n\n\n<p>Soci\u00e9t\u00e9s mandantes : <strong>AXA France Vie SA et AXA Assurance Vie Mutuelle<\/strong><\/p>\n\n\n\n<p>Le d\u00e9tail des proc\u00e9dures de recours et de r\u00e9clamation et les coordonn\u00e9es du service d\u00e9di\u00e9 sont disponibles sur le site&nbsp;<a href=\"http:\/\/www.axa.fr\/\">www.axa.fr<\/a>. En cas de non-r\u00e9solution d\u2019un diff\u00e9rend \u00e0 l\u2019issue du processus de r\u00e9clamation, vous pouvez avoir recours au M\u00e9diateur, en vous adressant \u00e0 l\u2019association :&nbsp;<strong>La M\u00e9diation de l\u2019Assurance &#8211; TSA 50110 &#8211; 75441 Paris Cedex 9<\/strong>&nbsp;&#8211;&nbsp;<a href=\"http:\/\/www.mediation-assurance.com\/\">www.mediation-assurance.com<\/a><\/p>\n\n\n\n<p><br><\/p>\n\n\n\n<p><\/p>\n","protected":false},"excerpt":{"rendered":"<p>Editeur :Michel FEISTHAUER &#8211; 3 Avenue Louis Delage &#8211; 91310 LinasEI &#8211; Siret : 852 974 617 00023 H\u00e9bergeur :OVH &#8211; SAS au capital de 10 069 020 \u20acRCS Lille M\u00e9tropole 424 761 419 00045Code APE 2620ZN\u00b0 TVA : FR 22 424 761 419Si\u00e8ge social : 2 rue Kellermann &#8211; 59100 Roubaix &#8211; France N\u00b0 &hellip; <a href=\"https:\/\/feisthauer.fr\/?page_id=121\" class=\"more-link\">Continuer la lecture de <span class=\"screen-reader-text\">Mentions l\u00e9gales<\/span><\/a><\/p>\n","protected":false},"author":1,"featured_media":0,"parent":0,"menu_order":0,"comment_status":"closed","ping_status":"closed","template":"","meta":{"footnotes":""},"class_list":["post-121","page","type-page","status-publish","hentry"],"_links":{"self":[{"href":"https:\/\/feisthauer.fr\/index.php?rest_route=\/wp\/v2\/pages\/121","targetHints":{"allow":["GET"]}}],"collection":[{"href":"https:\/\/feisthauer.fr\/index.php?rest_route=\/wp\/v2\/pages"}],"about":[{"href":"https:\/\/feisthauer.fr\/index.php?rest_route=\/wp\/v2\/types\/page"}],"author":[{"embeddable":true,"href":"https:\/\/feisthauer.fr\/index.php?rest_route=\/wp\/v2\/users\/1"}],"replies":[{"embeddable":true,"href":"https:\/\/feisthauer.fr\/index.php?rest_route=%2Fwp%2Fv2%2Fcomments&post=121"}],"version-history":[{"count":2,"href":"https:\/\/feisthauer.fr\/index.php?rest_route=\/wp\/v2\/pages\/121\/revisions"}],"predecessor-version":[{"id":149,"href":"https:\/\/feisthauer.fr\/index.php?rest_route=\/wp\/v2\/pages\/121\/revisions\/149"}],"wp:attachment":[{"href":"https:\/\/feisthauer.fr\/index.php?rest_route=%2Fwp%2Fv2%2Fmedia&parent=121"}],"curies":[{"name":"wp","href":"https:\/\/api.w.org\/{rel}","templated":true}]}}