{"id":2,"date":"2015-06-26T07:42:21","date_gmt":"2015-06-26T07:42:21","guid":{"rendered":"http:\/\/feisthauer.fr\/?page_id=2"},"modified":"2019-04-28T22:11:06","modified_gmt":"2019-04-28T20:11:06","slug":"page-d-exemple","status":"publish","type":"page","link":"https:\/\/feisthauer.fr\/?page_id=2","title":{"rendered":"Michel Feisthauer, Ing\u00e9nieur Commercial BtoB"},"content":{"rendered":"<h3><strong>Sp\u00e9cialiste des Signatures \u00e0 Forte Rentabilit\u00e9<\/strong><\/h3>\n<div style=\"float: left; padding-right: 30px; padding-bottom: 30px;\"><img loading=\"lazy\" decoding=\"async\" class=\"alignnone size-medium wp-image-45\" src=\"https:\/\/feisthauer.fr\/wp-content\/uploads\/2015\/11\/cropped-P1000289-220x300.jpg\" alt=\"cropped-P1000289.jpg\" width=\"220\" height=\"300\" srcset=\"https:\/\/feisthauer.fr\/wp-content\/uploads\/2015\/11\/cropped-P1000289-220x300.jpg 220w, https:\/\/feisthauer.fr\/wp-content\/uploads\/2015\/11\/cropped-P1000289-751x1024.jpg 751w, https:\/\/feisthauer.fr\/wp-content\/uploads\/2015\/11\/cropped-P1000289.jpg 954w\" sizes=\"auto, (max-width: 220px) 100vw, 220px\" \/><\/div>\n<p>Apr\u00e8s quelques ann\u00e9es dans le milieu de l&rsquo;imprimerie, je me suis sp\u00e9cialis\u00e9 dans la commercialisation \u00e0 forte marge, pour des secteurs comme le transport, l&rsquo;\u00e9lectronique, le conseil, la chaudronnerie industrielle et l&rsquo;ing\u00e9nierie informatique.<\/p>\n<p>Ayant une forte capacit\u00e9 \u00e0 tisser des liens avec des clients sur des comptes \u00e0 fort potentiel (grands comptes, projets&#8230;), j&rsquo;accompagne pour mes clients jusqu&rsquo;\u00e0 la signature, me positionnant de pr\u00e9f\u00e9rence sur les gros contrats et les affaires \u00e0 forte marge.<\/p>\n<p>Je travaille sur de la commercialisation pure, principalement en ouvrant des grands comptes et des comptes chass\u00e9s mais non ouverts. Je travaille au-del\u00e0 de la signature initiale pour assurer l&rsquo;initialisation des prestations complexes (fibre gestion de projet), le SAV (quelques ann\u00e9es&#8230;) et bien \u00e9videmment la relation \u00e0 long terme et les revenus associ\u00e9s.<\/p>\n<p>Dans l&rsquo;id\u00e9e d&rsquo;identifier des prospects qui vont signer des gros budgets, je travaille avec Arnaud Olieric de Natural Edge (<a href=\"http:\/\/www.naturaledge.fr\" target=\"_blank\" rel=\"noopener noreferrer\">naturaledge.fr<\/a>).<br \/>\nNous avons industrialis\u00e9 un concept des campagnes capables de trouver les 5, 10 ou 20 prospects qui chaque mois cherchent une solution \u00e0 forte valeur ajout\u00e9e (type grosse installation logicielle ou industrielle, missions de conseil&#8230;) et qui vont signer un ch\u00e8que sous peu.<br \/>\nL&rsquo;id\u00e9e est d&rsquo;identifier chaque mois \u00e0 moindre co\u00fbt des budgets importants (100K, 1M\u20ac&#8230;) qui sont difficiles \u00e0 localiser en prospection sortante.<br \/>\nPour le moment notre principal enjeu est de trouver des structures capables d&rsquo;absorber un flux constant de gros contrats. En effet historiquement, ces campagnes se sont arr\u00eat\u00e9es au bout de quelques mois car elles saturaient la capacit\u00e9 de production.<\/p>\n<p>Si vous aussi vous voulez avoir des probl\u00e8mes de riche, passez-moi un coup de fil au 06 07 23 03 87<\/p>\n<div style=\"margin: auto; display: block; width: 200px;\">\n<div style=\"display: inline-block;\"><a href=\"http:\/\/www.linkedin.com\/in\/michelfeisthauer\"><img loading=\"lazy\" decoding=\"async\" class=\"alignnone size-full wp-image-55\" src=\"https:\/\/feisthauer.fr\/wp-content\/uploads\/2015\/06\/LinkedIn.png\" alt=\"LinkedIn\" width=\"60\" height=\"60\"><\/a><\/div>\n<div style=\"display: inline-block;\"><a href=\"http:\/\/fr.viadeo.com\/fr\/profile\/michel.feisthauer\"><img loading=\"lazy\" decoding=\"async\" class=\"alignnone size-full wp-image-56\" src=\"https:\/\/feisthauer.fr\/wp-content\/uploads\/2015\/06\/Viadeo.png\" alt=\"Viadeo\" width=\"60\" height=\"60\"><\/a><\/div>\n<\/div>\n","protected":false},"excerpt":{"rendered":"<p>Sp\u00e9cialiste des Signatures \u00e0 Forte Rentabilit\u00e9 Apr\u00e8s quelques ann\u00e9es dans le milieu de l&rsquo;imprimerie, je me suis sp\u00e9cialis\u00e9 dans la commercialisation \u00e0 forte marge, pour des secteurs comme le transport, l&rsquo;\u00e9lectronique, le conseil, la chaudronnerie industrielle et l&rsquo;ing\u00e9nierie informatique. Ayant une forte capacit\u00e9 \u00e0 tisser des liens avec des clients sur des comptes \u00e0 fort &hellip; <a href=\"https:\/\/feisthauer.fr\/?page_id=2\" class=\"more-link\">Continuer la lecture de <span class=\"screen-reader-text\">Michel Feisthauer, Ing\u00e9nieur Commercial BtoB<\/span><\/a><\/p>\n","protected":false},"author":1,"featured_media":0,"parent":0,"menu_order":0,"comment_status":"open","ping_status":"open","template":"","meta":{"footnotes":""},"class_list":["post-2","page","type-page","status-publish","hentry"],"_links":{"self":[{"href":"https:\/\/feisthauer.fr\/index.php?rest_route=\/wp\/v2\/pages\/2","targetHints":{"allow":["GET"]}}],"collection":[{"href":"https:\/\/feisthauer.fr\/index.php?rest_route=\/wp\/v2\/pages"}],"about":[{"href":"https:\/\/feisthauer.fr\/index.php?rest_route=\/wp\/v2\/types\/page"}],"author":[{"embeddable":true,"href":"https:\/\/feisthauer.fr\/index.php?rest_route=\/wp\/v2\/users\/1"}],"replies":[{"embeddable":true,"href":"https:\/\/feisthauer.fr\/index.php?rest_route=%2Fwp%2Fv2%2Fcomments&post=2"}],"version-history":[{"count":31,"href":"https:\/\/feisthauer.fr\/index.php?rest_route=\/wp\/v2\/pages\/2\/revisions"}],"predecessor-version":[{"id":98,"href":"https:\/\/feisthauer.fr\/index.php?rest_route=\/wp\/v2\/pages\/2\/revisions\/98"}],"wp:attachment":[{"href":"https:\/\/feisthauer.fr\/index.php?rest_route=%2Fwp%2Fv2%2Fmedia&parent=2"}],"curies":[{"name":"wp","href":"https:\/\/api.w.org\/{rel}","templated":true}]}}